{"id":13313,"date":"2020-02-14T14:56:11","date_gmt":"2020-02-14T14:56:11","guid":{"rendered":"https:\/\/feralgroup.com\/finition\/glaspartijen\/"},"modified":"2025-01-27T15:13:27","modified_gmt":"2025-01-27T15:13:27","slug":"subdivision-de-pieces-en-verre","status":"publish","type":"page","link":"https:\/\/feralgroup.com\/fr\/finition\/subdivision-de-pieces-en-verre\/","title":{"rendered":"Subdivision de vitrage"},"content":{"rendered":"","protected":false},"excerpt":{"rendered":"","protected":false},"author":7,"featured_media":0,"parent":13248,"menu_order":5,"comment_status":"closed","ping_status":"closed","template":"sidenavigation.php","meta":{"_acf_changed":false,"footnotes":""},"class_list":["post-13313","page","type-page","status-publish","hentry"],"acf":[],"yoast_head":"<!-- This site is optimized with the Yoast SEO plugin v27.4 - https:\/\/yoast.com\/product\/yoast-seo-wordpress\/ -->\n<title>Distribution de sections de verre de menuiserie en fer forg\u00e9<\/title>\n<meta name=\"description\" content=\"Le nombre de divisions dans vos portes et fen\u00eatres en acier d\u00e9pend de vos pr\u00e9f\u00e9rences personnelles. Cliquez ici pour \u00e9laborer un design en ligne.\" \/>\n<meta name=\"robots\" content=\"index, follow, max-snippet:-1, max-image-preview:large, max-video-preview:-1\" \/>\n<link rel=\"canonical\" href=\"https:\/\/feralgroup.com\/fr\/finition\/subdivision-de-pieces-en-verre\/\" \/>\n<meta property=\"og:locale\" content=\"fr_FR\" \/>\n<meta property=\"og:type\" content=\"article\" \/>\n<meta property=\"og:title\" content=\"Distribution de sections de verre de menuiserie en fer forg\u00e9\" \/>\n<meta property=\"og:description\" content=\"Le nombre de divisions dans vos portes et fen\u00eatres en acier d\u00e9pend de vos pr\u00e9f\u00e9rences personnelles. Cliquez ici pour \u00e9laborer un design en ligne.\" \/>\n<meta property=\"og:url\" content=\"https:\/\/feralgroup.com\/fr\/finition\/subdivision-de-pieces-en-verre\/\" \/>\n<meta property=\"og:site_name\" content=\"Feral\" \/>\n<meta property=\"article:publisher\" content=\"https:\/\/www.facebook.com\/Feralgroup\/\" \/>\n<meta property=\"article:modified_time\" content=\"2025-01-27T15:13:27+00:00\" \/>\n<meta name=\"twitter:card\" content=\"summary_large_image\" \/>\n<script type=\"application\/ld+json\" class=\"yoast-schema-graph\">{\"@context\":\"https:\\\/\\\/schema.org\",\"@graph\":[{\"@type\":\"WebPage\",\"@id\":\"https:\\\/\\\/feralgroup.com\\\/fr\\\/finition\\\/subdivision-de-pieces-en-verre\\\/\",\"url\":\"https:\\\/\\\/feralgroup.com\\\/fr\\\/finition\\\/subdivision-de-pieces-en-verre\\\/\",\"name\":\"Distribution de sections de verre de menuiserie en fer forg\u00e9\",\"isPartOf\":{\"@id\":\"https:\\\/\\\/feralgroup.com\\\/#website\"},\"datePublished\":\"2020-02-14T14:56:11+00:00\",\"dateModified\":\"2025-01-27T15:13:27+00:00\",\"description\":\"Le nombre de divisions dans vos portes et fen\u00eatres en acier d\u00e9pend de vos pr\u00e9f\u00e9rences personnelles. Cliquez ici pour \u00e9laborer un design en ligne.\",\"breadcrumb\":{\"@id\":\"https:\\\/\\\/feralgroup.com\\\/fr\\\/finition\\\/subdivision-de-pieces-en-verre\\\/#breadcrumb\"},\"inLanguage\":\"fr-FR\",\"potentialAction\":[{\"@type\":\"ReadAction\",\"target\":[\"https:\\\/\\\/feralgroup.com\\\/fr\\\/finition\\\/subdivision-de-pieces-en-verre\\\/\"]}]},{\"@type\":\"BreadcrumbList\",\"@id\":\"https:\\\/\\\/feralgroup.com\\\/fr\\\/finition\\\/subdivision-de-pieces-en-verre\\\/#breadcrumb\",\"itemListElement\":[{\"@type\":\"ListItem\",\"position\":1,\"name\":\"Home\",\"item\":\"https:\\\/\\\/feralgroup.com\\\/fr\\\/\"},{\"@type\":\"ListItem\",\"position\":2,\"name\":\"Finition\",\"item\":\"https:\\\/\\\/feralgroup.com\\\/fr\\\/finition\\\/\"},{\"@type\":\"ListItem\",\"position\":3,\"name\":\"Subdivision de vitrage\"}]},{\"@type\":\"WebSite\",\"@id\":\"https:\\\/\\\/feralgroup.com\\\/#website\",\"url\":\"https:\\\/\\\/feralgroup.com\\\/\",\"name\":\"Feral Group\",\"description\":\"Natural Tradition, Great Living.\",\"potentialAction\":[{\"@type\":\"SearchAction\",\"target\":{\"@type\":\"EntryPoint\",\"urlTemplate\":\"https:\\\/\\\/feralgroup.com\\\/?s={search_term_string}\"},\"query-input\":{\"@type\":\"PropertyValueSpecification\",\"valueRequired\":true,\"valueName\":\"search_term_string\"}}],\"inLanguage\":\"fr-FR\"}]}<\/script>\n<!-- \/ Yoast SEO plugin. -->","yoast_head_json":{"title":"Distribution de sections de verre de menuiserie en fer forg\u00e9","description":"Le nombre de divisions dans vos portes et fen\u00eatres en acier d\u00e9pend de vos pr\u00e9f\u00e9rences personnelles. Cliquez ici pour \u00e9laborer un design en ligne.","robots":{"index":"index","follow":"follow","max-snippet":"max-snippet:-1","max-image-preview":"max-image-preview:large","max-video-preview":"max-video-preview:-1"},"canonical":"https:\/\/feralgroup.com\/fr\/finition\/subdivision-de-pieces-en-verre\/","og_locale":"fr_FR","og_type":"article","og_title":"Distribution de sections de verre de menuiserie en fer forg\u00e9","og_description":"Le nombre de divisions dans vos portes et fen\u00eatres en acier d\u00e9pend de vos pr\u00e9f\u00e9rences personnelles. Cliquez ici pour \u00e9laborer un design en ligne.","og_url":"https:\/\/feralgroup.com\/fr\/finition\/subdivision-de-pieces-en-verre\/","og_site_name":"Feral","article_publisher":"https:\/\/www.facebook.com\/Feralgroup\/","article_modified_time":"2025-01-27T15:13:27+00:00","twitter_card":"summary_large_image","schema":{"@context":"https:\/\/schema.org","@graph":[{"@type":"WebPage","@id":"https:\/\/feralgroup.com\/fr\/finition\/subdivision-de-pieces-en-verre\/","url":"https:\/\/feralgroup.com\/fr\/finition\/subdivision-de-pieces-en-verre\/","name":"Distribution de sections de verre de menuiserie en fer forg\u00e9","isPartOf":{"@id":"https:\/\/feralgroup.com\/#website"},"datePublished":"2020-02-14T14:56:11+00:00","dateModified":"2025-01-27T15:13:27+00:00","description":"Le nombre de divisions dans vos portes et fen\u00eatres en acier d\u00e9pend de vos pr\u00e9f\u00e9rences personnelles. Cliquez ici pour \u00e9laborer un design en ligne.","breadcrumb":{"@id":"https:\/\/feralgroup.com\/fr\/finition\/subdivision-de-pieces-en-verre\/#breadcrumb"},"inLanguage":"fr-FR","potentialAction":[{"@type":"ReadAction","target":["https:\/\/feralgroup.com\/fr\/finition\/subdivision-de-pieces-en-verre\/"]}]},{"@type":"BreadcrumbList","@id":"https:\/\/feralgroup.com\/fr\/finition\/subdivision-de-pieces-en-verre\/#breadcrumb","itemListElement":[{"@type":"ListItem","position":1,"name":"Home","item":"https:\/\/feralgroup.com\/fr\/"},{"@type":"ListItem","position":2,"name":"Finition","item":"https:\/\/feralgroup.com\/fr\/finition\/"},{"@type":"ListItem","position":3,"name":"Subdivision de vitrage"}]},{"@type":"WebSite","@id":"https:\/\/feralgroup.com\/#website","url":"https:\/\/feralgroup.com\/","name":"Feral Group","description":"Natural Tradition, Great Living.","potentialAction":[{"@type":"SearchAction","target":{"@type":"EntryPoint","urlTemplate":"https:\/\/feralgroup.com\/?s={search_term_string}"},"query-input":{"@type":"PropertyValueSpecification","valueRequired":true,"valueName":"search_term_string"}}],"inLanguage":"fr-FR"}]}},"_links":{"self":[{"href":"https:\/\/feralgroup.com\/fr\/wp-json\/wp\/v2\/pages\/13313","targetHints":{"allow":["GET"]}}],"collection":[{"href":"https:\/\/feralgroup.com\/fr\/wp-json\/wp\/v2\/pages"}],"about":[{"href":"https:\/\/feralgroup.com\/fr\/wp-json\/wp\/v2\/types\/page"}],"author":[{"embeddable":true,"href":"https:\/\/feralgroup.com\/fr\/wp-json\/wp\/v2\/users\/7"}],"replies":[{"embeddable":true,"href":"https:\/\/feralgroup.com\/fr\/wp-json\/wp\/v2\/comments?post=13313"}],"version-history":[{"count":0,"href":"https:\/\/feralgroup.com\/fr\/wp-json\/wp\/v2\/pages\/13313\/revisions"}],"up":[{"embeddable":true,"href":"https:\/\/feralgroup.com\/fr\/wp-json\/wp\/v2\/pages\/13248"}],"wp:attachment":[{"href":"https:\/\/feralgroup.com\/fr\/wp-json\/wp\/v2\/media?parent=13313"}],"curies":[{"name":"wp","href":"https:\/\/api.w.org\/{rel}","templated":true}]}}