{"id":11751,"date":"2018-10-01T14:13:48","date_gmt":"2018-10-01T14:13:48","guid":{"rendered":"https:\/\/local.feralgroup.com\/work-method\/"},"modified":"2025-01-27T15:20:02","modified_gmt":"2025-01-27T15:20:02","slug":"methode-de-travail","status":"publish","type":"page","link":"https:\/\/feralgroup.com\/fr\/methode-de-travail\/","title":{"rendered":"M\u00e9thode de travail"},"content":{"rendered":"","protected":false},"excerpt":{"rendered":"","protected":false},"author":5,"featured_media":0,"parent":0,"menu_order":42,"comment_status":"closed","ping_status":"closed","template":"","meta":{"_acf_changed":false,"footnotes":""},"class_list":["post-11751","page","type-page","status-publish","hentry"],"acf":[],"yoast_head":"<!-- This site is optimized with the Yoast SEO plugin v27.4 - https:\/\/yoast.com\/product\/yoast-seo-wordpress\/ -->\n<title>Fen\u00eatres et portes en acier sur mesure chez Feral Group.<\/title>\n<meta name=\"description\" content=\"Les portes et fen\u00eatres en acier. Un seul point de contact d\u00e8s la phase de conception, pour la production, l&#039;installation et le service apr\u00e8s-vente\" \/>\n<meta name=\"robots\" content=\"index, follow, max-snippet:-1, max-image-preview:large, max-video-preview:-1\" \/>\n<link rel=\"canonical\" href=\"https:\/\/feralgroup.com\/fr\/methode-de-travail\/\" \/>\n<meta property=\"og:locale\" content=\"fr_FR\" \/>\n<meta property=\"og:type\" content=\"article\" \/>\n<meta property=\"og:title\" content=\"Fen\u00eatres et portes en acier sur mesure chez Feral Group.\" \/>\n<meta property=\"og:description\" content=\"Les portes et fen\u00eatres en acier. Un seul point de contact d\u00e8s la phase de conception, pour la production, l&#039;installation et le service apr\u00e8s-vente\" \/>\n<meta property=\"og:url\" content=\"https:\/\/feralgroup.com\/fr\/methode-de-travail\/\" \/>\n<meta property=\"og:site_name\" content=\"Feral\" \/>\n<meta property=\"article:publisher\" content=\"https:\/\/www.facebook.com\/Feralgroup\/\" \/>\n<meta property=\"article:modified_time\" content=\"2025-01-27T15:20:02+00:00\" \/>\n<meta name=\"twitter:card\" content=\"summary_large_image\" \/>\n<script type=\"application\/ld+json\" class=\"yoast-schema-graph\">{\"@context\":\"https:\\\/\\\/schema.org\",\"@graph\":[{\"@type\":\"WebPage\",\"@id\":\"https:\\\/\\\/feralgroup.com\\\/fr\\\/methode-de-travail\\\/\",\"url\":\"https:\\\/\\\/feralgroup.com\\\/fr\\\/methode-de-travail\\\/\",\"name\":\"Fen\u00eatres et portes en acier sur mesure chez Feral Group.\",\"isPartOf\":{\"@id\":\"https:\\\/\\\/feralgroup.com\\\/#website\"},\"datePublished\":\"2018-10-01T14:13:48+00:00\",\"dateModified\":\"2025-01-27T15:20:02+00:00\",\"description\":\"Les portes et fen\u00eatres en acier. Un seul point de contact d\u00e8s la phase de conception, pour la production, l'installation et le service apr\u00e8s-vente\",\"breadcrumb\":{\"@id\":\"https:\\\/\\\/feralgroup.com\\\/fr\\\/methode-de-travail\\\/#breadcrumb\"},\"inLanguage\":\"fr-FR\",\"potentialAction\":[{\"@type\":\"ReadAction\",\"target\":[\"https:\\\/\\\/feralgroup.com\\\/fr\\\/methode-de-travail\\\/\"]}]},{\"@type\":\"BreadcrumbList\",\"@id\":\"https:\\\/\\\/feralgroup.com\\\/fr\\\/methode-de-travail\\\/#breadcrumb\",\"itemListElement\":[{\"@type\":\"ListItem\",\"position\":1,\"name\":\"Home\",\"item\":\"https:\\\/\\\/feralgroup.com\\\/fr\\\/\"},{\"@type\":\"ListItem\",\"position\":2,\"name\":\"M\u00e9thode de travail\"}]},{\"@type\":\"WebSite\",\"@id\":\"https:\\\/\\\/feralgroup.com\\\/#website\",\"url\":\"https:\\\/\\\/feralgroup.com\\\/\",\"name\":\"Feral Group\",\"description\":\"Natural Tradition, Great Living.\",\"potentialAction\":[{\"@type\":\"SearchAction\",\"target\":{\"@type\":\"EntryPoint\",\"urlTemplate\":\"https:\\\/\\\/feralgroup.com\\\/?s={search_term_string}\"},\"query-input\":{\"@type\":\"PropertyValueSpecification\",\"valueRequired\":true,\"valueName\":\"search_term_string\"}}],\"inLanguage\":\"fr-FR\"}]}<\/script>\n<!-- \/ Yoast SEO plugin. -->","yoast_head_json":{"title":"Fen\u00eatres et portes en acier sur mesure chez Feral Group.","description":"Les portes et fen\u00eatres en acier. Un seul point de contact d\u00e8s la phase de conception, pour la production, l'installation et le service apr\u00e8s-vente","robots":{"index":"index","follow":"follow","max-snippet":"max-snippet:-1","max-image-preview":"max-image-preview:large","max-video-preview":"max-video-preview:-1"},"canonical":"https:\/\/feralgroup.com\/fr\/methode-de-travail\/","og_locale":"fr_FR","og_type":"article","og_title":"Fen\u00eatres et portes en acier sur mesure chez Feral Group.","og_description":"Les portes et fen\u00eatres en acier. Un seul point de contact d\u00e8s la phase de conception, pour la production, l'installation et le service apr\u00e8s-vente","og_url":"https:\/\/feralgroup.com\/fr\/methode-de-travail\/","og_site_name":"Feral","article_publisher":"https:\/\/www.facebook.com\/Feralgroup\/","article_modified_time":"2025-01-27T15:20:02+00:00","twitter_card":"summary_large_image","schema":{"@context":"https:\/\/schema.org","@graph":[{"@type":"WebPage","@id":"https:\/\/feralgroup.com\/fr\/methode-de-travail\/","url":"https:\/\/feralgroup.com\/fr\/methode-de-travail\/","name":"Fen\u00eatres et portes en acier sur mesure chez Feral Group.","isPartOf":{"@id":"https:\/\/feralgroup.com\/#website"},"datePublished":"2018-10-01T14:13:48+00:00","dateModified":"2025-01-27T15:20:02+00:00","description":"Les portes et fen\u00eatres en acier. Un seul point de contact d\u00e8s la phase de conception, pour la production, l'installation et le service apr\u00e8s-vente","breadcrumb":{"@id":"https:\/\/feralgroup.com\/fr\/methode-de-travail\/#breadcrumb"},"inLanguage":"fr-FR","potentialAction":[{"@type":"ReadAction","target":["https:\/\/feralgroup.com\/fr\/methode-de-travail\/"]}]},{"@type":"BreadcrumbList","@id":"https:\/\/feralgroup.com\/fr\/methode-de-travail\/#breadcrumb","itemListElement":[{"@type":"ListItem","position":1,"name":"Home","item":"https:\/\/feralgroup.com\/fr\/"},{"@type":"ListItem","position":2,"name":"M\u00e9thode de travail"}]},{"@type":"WebSite","@id":"https:\/\/feralgroup.com\/#website","url":"https:\/\/feralgroup.com\/","name":"Feral Group","description":"Natural Tradition, Great Living.","potentialAction":[{"@type":"SearchAction","target":{"@type":"EntryPoint","urlTemplate":"https:\/\/feralgroup.com\/?s={search_term_string}"},"query-input":{"@type":"PropertyValueSpecification","valueRequired":true,"valueName":"search_term_string"}}],"inLanguage":"fr-FR"}]}},"_links":{"self":[{"href":"https:\/\/feralgroup.com\/fr\/wp-json\/wp\/v2\/pages\/11751","targetHints":{"allow":["GET"]}}],"collection":[{"href":"https:\/\/feralgroup.com\/fr\/wp-json\/wp\/v2\/pages"}],"about":[{"href":"https:\/\/feralgroup.com\/fr\/wp-json\/wp\/v2\/types\/page"}],"author":[{"embeddable":true,"href":"https:\/\/feralgroup.com\/fr\/wp-json\/wp\/v2\/users\/5"}],"replies":[{"embeddable":true,"href":"https:\/\/feralgroup.com\/fr\/wp-json\/wp\/v2\/comments?post=11751"}],"version-history":[{"count":0,"href":"https:\/\/feralgroup.com\/fr\/wp-json\/wp\/v2\/pages\/11751\/revisions"}],"wp:attachment":[{"href":"https:\/\/feralgroup.com\/fr\/wp-json\/wp\/v2\/media?parent=11751"}],"curies":[{"name":"wp","href":"https:\/\/api.w.org\/{rel}","templated":true}]}}